{"id":30,"date":"2025-12-29T12:52:45","date_gmt":"2025-12-29T12:52:45","guid":{"rendered":"https:\/\/lightblue-duck-892983.hostingersite.com\/news\/"},"modified":"2025-12-31T20:56:52","modified_gmt":"2025-12-31T20:56:52","slug":"news","status":"publish","type":"page","link":"https:\/\/fbbadminton.com\/?page_id=30","title":{"rendered":"Actualit\u00e9s"},"content":{"rendered":"\t\t<div data-elementor-type=\"wp-page\" data-elementor-id=\"30\" class=\"elementor elementor-30\" data-elementor-post-type=\"page\">\n\t\t\t\t<div data-particle_enable=\"false\" data-particle-mobile-disabled=\"false\" class=\"elementor-element elementor-element-ba811fa hostinger-ai-our-blog-1 e-flex e-con-boxed e-con e-parent\" data-id=\"ba811fa\" data-element_type=\"container\">\n\t\t\t\t\t<div class=\"e-con-inner\">\n\t\t<div data-particle_enable=\"false\" data-particle-mobile-disabled=\"false\" class=\"elementor-element elementor-element-a118213 e-con-full e-flex e-con e-child\" data-id=\"a118213\" data-element_type=\"container\">\n\t\t\t\t<div class=\"elementor-element elementor-element-7ec273d hostinger-ai-title elementor-widget elementor-widget-heading\" data-id=\"7ec273d\" data-element_type=\"widget\" data-widget_type=\"heading.default\">\n\t\t\t\t\t<h2 class=\"elementor-heading-title elementor-size-default\">Derni\u00e8res nouvelles<\/h2>\t\t\t\t<\/div>\n\t\t\t\t<\/div>\n\t\t<div data-particle_enable=\"false\" data-particle-mobile-disabled=\"false\" class=\"elementor-element elementor-element-e10e199 e-con-full e-flex e-con e-child\" data-id=\"e10e199\" data-element_type=\"container\">\n\t\t\t\t<div class=\"elementor-element elementor-element-689b6cb elementor-grid-eael-col-3 elementor-grid-tablet-eael-col-2 elementor-grid-mobile-eael-col-1 elementor-widget elementor-widget-eael-post-grid\" data-id=\"689b6cb\" data-element_type=\"widget\" data-settings=\"{&quot;eael_post_grid_columns&quot;:&quot;eael-col-3&quot;,&quot;eael_post_grid_columns_tablet&quot;:&quot;eael-col-2&quot;,&quot;eael_post_grid_columns_mobile&quot;:&quot;eael-col-1&quot;}\" data-widget_type=\"eael-post-grid.default\">\n\t\t\t\t\t<div id=\"eael-post-grid-689b6cb\" class=\"eael-post-grid-container\">\n            <div class=\"eael-post-grid eael-post-appender eael-post-appender-689b6cb eael-post-grid-style-two\" data-layout-mode=\"grid\"><article class=\"eael-grid-post  eael-post-grid-column eael-pg-post-25 category-uncategorized\" data-id=\"25\">\n    <div class=\"eael-grid-post-holder\">\n        <div class=\"eael-grid-post-holder-inner\"><div class=\"eael-entry-wrapper\"><header class=\"eael-entry-header\"><h2 class=\"eael-entry-title\"><a class=\"eael-grid-post-link\" href=\"https:\/\/fbbadminton.com\/?p=25\" title=\"Site Web de la F\u00e9d\u00e9ration Burkinab\u00e8 de Badminton\">Site Web de la F\u00e9d\u00e9ration Burkinab\u00e8 de Badminton<\/a><\/h2><\/header><div class=\"eael-entry-header-after style-two\"><div class=\"eael-entry-meta\"><span class=\"eael-posted-on eael-meta-posted-on\"><i class=\"far fa-clock\"><\/i><time datetime=\"December 29, 2025\">December 29, 2025<\/time><\/span><\/div><\/div><div class=\"eael-entry-content\">\n                                <div class=\"eael-grid-post-excerpt\"><p>Introduction \u00e0 la conception du site web Dans le cadre...<\/p><a href=\"https:\/\/fbbadminton.com\/?p=25\" class=\"eael-post-elements-readmore-btn\">Lire plus<\/a><\/div>\n                            <\/div><\/div><\/div>\n    <\/div>\n<\/article><article class=\"eael-grid-post  eael-post-grid-column eael-pg-post-23 category-uncategorized\" data-id=\"23\">\n    <div class=\"eael-grid-post-holder\">\n        <div class=\"eael-grid-post-holder-inner\"><div class=\"eael-entry-wrapper\"><header class=\"eael-entry-header\"><h2 class=\"eael-entry-title\"><a class=\"eael-grid-post-link\" href=\"https:\/\/fbbadminton.com\/?p=23\" title=\"Site Web de la F\u00e9d\u00e9ration Burkinab\u00e8 de Badminton\">Site Web de la F\u00e9d\u00e9ration Burkinab\u00e8 de Badminton<\/a><\/h2><\/header><div class=\"eael-entry-header-after style-two\"><div class=\"eael-entry-meta\"><span class=\"eael-posted-on eael-meta-posted-on\"><i class=\"far fa-clock\"><\/i><time datetime=\"December 29, 2025\">December 29, 2025<\/time><\/span><\/div><\/div><div class=\"eael-entry-content\">\n                                <div class=\"eael-grid-post-excerpt\"><p>Pr\u00e9sentation de la F\u00e9d\u00e9ration Burkinab\u00e8 de Badminton La F\u00e9d\u00e9ration Burkinab\u00e8...<\/p><a href=\"https:\/\/fbbadminton.com\/?p=23\" class=\"eael-post-elements-readmore-btn\">Lire plus<\/a><\/div>\n                            <\/div><\/div><\/div>\n    <\/div>\n<\/article><\/div>\n            <div class=\"clearfix\"><\/div>\n        <\/div>\t\t\t\t<\/div>\n\t\t\t\t<\/div>\n\t\t\t\t\t<\/div>\n\t\t\t\t<\/div>\n\t\t<div data-particle_enable=\"false\" data-particle-mobile-disabled=\"false\" class=\"elementor-element elementor-element-425a1bf e-flex e-con-boxed e-con e-parent\" data-id=\"425a1bf\" data-element_type=\"container\" data-settings=\"{&quot;background_background&quot;:&quot;classic&quot;}\">\n\t\t\t\t\t<div class=\"e-con-inner\">\n\t\t<div data-particle_enable=\"false\" data-particle-mobile-disabled=\"false\" class=\"elementor-element elementor-element-8eb3a11 e-con-full e-flex e-con e-child\" data-id=\"8eb3a11\" data-element_type=\"container\">\n\t\t\t\t<div class=\"elementor-element elementor-element-2516ff0 hostinger-ai-title elementor-widget elementor-widget-heading\" data-id=\"2516ff0\" data-element_type=\"widget\" data-widget_type=\"heading.default\">\n\t\t\t\t\t<h2 class=\"elementor-heading-title elementor-size-default\">Join Us<\/h2>\t\t\t\t<\/div>\n\t\t\t\t<div class=\"elementor-element elementor-element-bb2189c elementor-widget__width-initial hostinger-ai-description elementor-widget elementor-widget-text-editor\" data-id=\"bb2189c\" data-element_type=\"widget\" data-widget_type=\"text-editor.default\">\n\t\t\t\t\t\t\t\t\tBecome part of fbbad and help grow badminton across Burkina Faso.\t\t\t\t\t\t\t\t<\/div>\n\t\t\t\t<div class=\"elementor-element elementor-element-c0f4a8e hostinger-ai-cta-button hostinger-index-0 elementor-widget elementor-widget-button\" data-id=\"c0f4a8e\" data-element_type=\"widget\" data-widget_type=\"button.default\">\n\t\t\t\t\t\t\t\t\t\t<a class=\"elementor-button elementor-button-link elementor-size-sm\" href=\"https:\/\/lightblue-duck-892983.hostingersite.com\/federation\/\">\n\t\t\t\t\t\t<span class=\"elementor-button-content-wrapper\">\n\t\t\t\t\t\t\t\t\t<span class=\"elementor-button-text\">Subscribe<\/span>\n\t\t\t\t\t<\/span>\n\t\t\t\t\t<\/a>\n\t\t\t\t\t\t\t\t<\/div>\n\t\t\t\t<\/div>\n\t\t\t\t\t<\/div>\n\t\t\t\t<\/div>\n\t\t\t\t<\/div>\n\t\t","protected":false},"excerpt":{"rendered":"<p>Derni\u00e8res nouvelles Cr\u00e9er un site web professionnel pour la F\u00e9d\u00e9ration Burkinab\u00e8 de Badminton December 29, 2025 Introduction \u00e0 la conception du site web Dans le cadre&#8230; Lire plus Cr\u00e9ation d&#8217;un site web professionnel pour la F\u00e9d\u00e9ration Burkinab\u00e8 de Badminton December 29, 2025 Pr\u00e9sentation de la F\u00e9d\u00e9ration Burkinab\u00e8 de Badminton La F\u00e9d\u00e9ration Burkinab\u00e8&#8230; Lire plus Join&#8230;<\/p>\n","protected":false},"author":1,"featured_media":0,"parent":0,"menu_order":0,"comment_status":"closed","ping_status":"closed","template":"","meta":{"footnotes":""},"class_list":["post-30","page","type-page","status-publish","hentry"],"_hostinger_reach_plugin_has_subscription_block":false,"_hostinger_reach_plugin_is_elementor":false,"_links":{"self":[{"href":"https:\/\/fbbadminton.com\/index.php?rest_route=\/wp\/v2\/pages\/30","targetHints":{"allow":["GET"]}}],"collection":[{"href":"https:\/\/fbbadminton.com\/index.php?rest_route=\/wp\/v2\/pages"}],"about":[{"href":"https:\/\/fbbadminton.com\/index.php?rest_route=\/wp\/v2\/types\/page"}],"author":[{"embeddable":true,"href":"https:\/\/fbbadminton.com\/index.php?rest_route=\/wp\/v2\/users\/1"}],"replies":[{"embeddable":true,"href":"https:\/\/fbbadminton.com\/index.php?rest_route=%2Fwp%2Fv2%2Fcomments&post=30"}],"version-history":[{"count":4,"href":"https:\/\/fbbadminton.com\/index.php?rest_route=\/wp\/v2\/pages\/30\/revisions"}],"predecessor-version":[{"id":140,"href":"https:\/\/fbbadminton.com\/index.php?rest_route=\/wp\/v2\/pages\/30\/revisions\/140"}],"wp:attachment":[{"href":"https:\/\/fbbadminton.com\/index.php?rest_route=%2Fwp%2Fv2%2Fmedia&parent=30"}],"curies":[{"name":"wp","href":"https:\/\/api.w.org\/{rel}","templated":true}]}}