{"id":29,"date":"2025-12-29T12:52:45","date_gmt":"2025-12-29T12:52:45","guid":{"rendered":"https:\/\/lightblue-duck-892983.hostingersite.com\/disciplines\/"},"modified":"2025-12-29T12:52:45","modified_gmt":"2025-12-29T12:52:45","slug":"disciplines","status":"publish","type":"page","link":"https:\/\/fbbadminton.com\/?page_id=29","title":{"rendered":"Disciplines"},"content":{"rendered":"\t\t<div data-elementor-type=\"wp-page\" data-elementor-id=\"29\" class=\"elementor elementor-29\" data-elementor-post-type=\"page\">\n\t\t\t\t<div data-particle_enable=\"false\" data-particle-mobile-disabled=\"false\" class=\"elementor-element elementor-element-40901d4 e-grid hostinger-ai-our-services-3 e-con-boxed e-con e-parent\" data-id=\"40901d4\" data-element_type=\"container\">\n\t\t\t\t\t<div class=\"e-con-inner\">\n\t\t<div data-particle_enable=\"false\" data-particle-mobile-disabled=\"false\" class=\"elementor-element elementor-element-9793990 e-con-full e-flex e-con e-child\" data-id=\"9793990\" data-element_type=\"container\">\n\t\t\t\t<div class=\"elementor-element elementor-element-245f164 hostinger-ai-service-image hostinger-index-3 elementor-widget elementor-widget-image\" data-id=\"245f164\" data-element_type=\"widget\" data-widget_type=\"image.default\">\n\t\t\t\t\t\t\t\t\t\t\t\t\t\t\t<img decoding=\"async\" src=\"https:\/\/images.unsplash.com\/photo-1626721105368-a69248e93b32?q=85&#038;w=636&#038;h=455&#038;fit=crop\" title=\"\" alt=\"A badminton shuttlecock is balancing on a net in a dimly lit indoor court. The court has a blue floor with white lines marking the boundaries. Various items and sports equipment are scattered in the background, and the overall atmosphere is quiet and focused.\" loading=\"lazy\" \/>\t\t\t\t\t\t\t\t\t\t\t\t\t\t\t<\/div>\n\t\t\t\t<\/div>\n\t\t<div data-particle_enable=\"false\" data-particle-mobile-disabled=\"false\" class=\"elementor-element elementor-element-38aeb5a e-con-full e-flex e-con e-child\" data-id=\"38aeb5a\" data-element_type=\"container\">\n\t\t\t\t<div class=\"elementor-element elementor-element-413aa67 hostinger-ai-service-title elementor-widget elementor-widget-heading\" data-id=\"413aa67\" data-element_type=\"widget\" data-widget_type=\"heading.default\">\n\t\t\t\t\t<h2 class=\"elementor-heading-title elementor-size-default\">Our Services<\/h2>\t\t\t\t<\/div>\n\t\t\t\t<div class=\"elementor-element elementor-element-83b1a7f hostinger-ai-service-description elementor-widget elementor-widget-text-editor\" data-id=\"83b1a7f\" data-element_type=\"widget\" data-widget_type=\"text-editor.default\">\n\t\t\t\t\t\t\t\t\tSupporting clubs, athletes, and officials with resources and guidance.\t\t\t\t\t\t\t\t<\/div>\n\t\t\t\t<\/div>\n\t\t\t\t\t<\/div>\n\t\t\t\t<\/div>\n\t\t<div data-particle_enable=\"false\" data-particle-mobile-disabled=\"false\" class=\"elementor-element elementor-element-4ef2f1e e-flex e-con-boxed e-con e-parent\" data-id=\"4ef2f1e\" data-element_type=\"container\">\n\t\t\t\t\t<div class=\"e-con-inner\">\n\t\t<div data-particle_enable=\"false\" data-particle-mobile-disabled=\"false\" class=\"elementor-element elementor-element-eef7939 e-con-full e-grid e-con e-child\" data-id=\"eef7939\" data-element_type=\"container\">\n\t\t<div data-particle_enable=\"false\" data-particle-mobile-disabled=\"false\" class=\"elementor-element elementor-element-798d898 e-con-full e-flex e-con e-child\" data-id=\"798d898\" data-element_type=\"container\">\n\t\t\t\t<div class=\"elementor-element elementor-element-0705e13 hostinger-ai-project-title elementor-widget elementor-widget-heading\" data-id=\"0705e13\" data-element_type=\"widget\" data-widget_type=\"heading.default\">\n\t\t\t\t\t<h2 class=\"elementor-heading-title elementor-size-default\">Tournoi National<\/h2>\t\t\t\t<\/div>\n\t\t\t\t<div class=\"elementor-element elementor-element-fff6b10 hostinger-ai-project-description elementor-widget elementor-widget-text-editor\" data-id=\"fff6b10\" data-element_type=\"widget\" data-widget_type=\"text-editor.default\">\n\t\t\t\t\t\t\t\t\tChaque ann\u00e9e, f.b.bad organise un tournoi national rassemblant les meilleurs joueurs du Burkina Faso, favorisant la comp\u00e9tition et l&#8217;esprit sportif.\t\t\t\t\t\t\t\t<\/div>\n\t\t\t\t<\/div>\n\t\t<div data-particle_enable=\"false\" data-particle-mobile-disabled=\"false\" class=\"elementor-element elementor-element-5bb715f e-con-full project-item-content project-item-content e-flex e-con e-child\" data-id=\"5bb715f\" data-element_type=\"container\">\n\t\t\t\t<div class=\"elementor-element elementor-element-e5a900a hostinger-ai-project-image hostinger-index-3 elementor-widget elementor-widget-image\" data-id=\"e5a900a\" data-element_type=\"widget\" data-widget_type=\"image.default\">\n\t\t\t\t\t\t\t\t\t\t\t\t\t\t\t<img decoding=\"async\" src=\"https:\/\/images.unsplash.com\/photo-1653164846413-f4a6861c6967?q=85&#038;w=584&#038;h=438&#038;fit=crop\" title=\"\" alt=\"Kigali Arena with a large banner advertising a basketball event featuring several players, accompanied by a green flag displaying a basketball-themed logo. The sky is clear and blue, enhancing the vibrant setting.\" loading=\"lazy\" \/>\t\t\t\t\t\t\t\t\t\t\t\t\t\t\t<\/div>\n\t\t\t\t<\/div>\n\t\t\t\t<\/div>\n\t\t<div data-particle_enable=\"false\" data-particle-mobile-disabled=\"false\" class=\"elementor-element elementor-element-fe56660 e-con-full e-grid e-con e-child\" data-id=\"fe56660\" data-element_type=\"container\">\n\t\t<div data-particle_enable=\"false\" data-particle-mobile-disabled=\"false\" class=\"elementor-element elementor-element-bad6f72 e-con-full e-flex e-con e-child\" data-id=\"bad6f72\" data-element_type=\"container\">\n\t\t\t\t<div class=\"elementor-element elementor-element-a5807fd hostinger-ai-project-title hostinger-index-1 elementor-widget elementor-widget-heading\" data-id=\"a5807fd\" data-element_type=\"widget\" data-widget_type=\"heading.default\">\n\t\t\t\t\t<h2 class=\"elementor-heading-title elementor-size-default\">Formation Coachs<\/h2>\t\t\t\t<\/div>\n\t\t\t\t<div class=\"elementor-element elementor-element-f4a957d hostinger-ai-project-description hostinger-index-1 elementor-widget elementor-widget-text-editor\" data-id=\"f4a957d\" data-element_type=\"widget\" data-widget_type=\"text-editor.default\">\n\t\t\t\t\t\t\t\t\tDes sessions de formation r\u00e9guli\u00e8res pour entra\u00eeneurs assurent un encadrement de qualit\u00e9, renfor\u00e7ant les comp\u00e9tences techniques et p\u00e9dagogiques.\t\t\t\t\t\t\t\t<\/div>\n\t\t\t\t<\/div>\n\t\t<div data-particle_enable=\"false\" data-particle-mobile-disabled=\"false\" class=\"elementor-element elementor-element-d880cfb e-con-full project-item-content project-item-content e-flex e-con e-child\" data-id=\"d880cfb\" data-element_type=\"container\">\n\t\t\t\t<div class=\"elementor-element elementor-element-f4fe49a hostinger-ai-project-image hostinger-index-4 elementor-widget elementor-widget-image\" data-id=\"f4fe49a\" data-element_type=\"widget\" data-widget_type=\"image.default\">\n\t\t\t\t\t\t\t\t\t\t\t\t\t\t\t<img decoding=\"async\" src=\"https:\/\/images.unsplash.com\/photo-1586151558057-e2fdfa25a356?q=85&#038;w=584&#038;h=438&#038;fit=crop\" title=\"\" alt=\"A top-down black and white view of a building with a badminton court located in the courtyard. Three people are actively playing, casting long shadows across the court, while the surrounding windows and structure of the building create a geometric pattern.\" loading=\"lazy\" \/>\t\t\t\t\t\t\t\t\t\t\t\t\t\t\t<\/div>\n\t\t\t\t<\/div>\n\t\t\t\t<\/div>\n\t\t<div data-particle_enable=\"false\" data-particle-mobile-disabled=\"false\" class=\"elementor-element elementor-element-3de336d e-con-full e-grid e-con e-child\" data-id=\"3de336d\" data-element_type=\"container\">\n\t\t<div data-particle_enable=\"false\" data-particle-mobile-disabled=\"false\" class=\"elementor-element elementor-element-ec4e441 e-con-full e-flex e-con e-child\" data-id=\"ec4e441\" data-element_type=\"container\">\n\t\t\t\t<div class=\"elementor-element elementor-element-7b20efd hostinger-ai-project-title hostinger-index-2 elementor-widget elementor-widget-heading\" data-id=\"7b20efd\" data-element_type=\"widget\" data-widget_type=\"heading.default\">\n\t\t\t\t\t<h2 class=\"elementor-heading-title elementor-size-default\">Promotion Jeunes<\/h2>\t\t\t\t<\/div>\n\t\t\t\t<div class=\"elementor-element elementor-element-1e001f1 hostinger-ai-project-description hostinger-index-2 elementor-widget elementor-widget-text-editor\" data-id=\"1e001f1\" data-element_type=\"widget\" data-widget_type=\"text-editor.default\">\n\t\t\t\t\t\t\t\t\tf.b.bad soutient les jeunes talents \u00e0 travers des programmes scolaires et des clubs, pour faire grandir la passion du badminton d\u00e8s le plus jeune \u00e2ge.\t\t\t\t\t\t\t\t<\/div>\n\t\t\t\t<\/div>\n\t\t<div data-particle_enable=\"false\" data-particle-mobile-disabled=\"false\" class=\"elementor-element elementor-element-9b476ca e-con-full project-item-content project-item-content e-flex e-con e-child\" data-id=\"9b476ca\" data-element_type=\"container\">\n\t\t\t\t<div class=\"elementor-element elementor-element-7b79f9b hostinger-ai-project-image hostinger-index-5 elementor-widget elementor-widget-image\" data-id=\"7b79f9b\" data-element_type=\"widget\" data-widget_type=\"image.default\">\n\t\t\t\t\t\t\t\t\t\t\t\t\t\t\t<img decoding=\"async\" src=\"https:\/\/images.unsplash.com\/photo-1612677257217-b36c9860b58d?q=85&#038;w=584&#038;h=438&#038;fit=crop\" title=\"\" alt=\"A close-up view of a shuttlecock leaning against a badminton racket with a focus on the net and feathers. The background is blurred, emphasizing the sports equipment in the foreground.\" loading=\"lazy\" \/>\t\t\t\t\t\t\t\t\t\t\t\t\t\t\t<\/div>\n\t\t\t\t<\/div>\n\t\t\t\t<\/div>\n\t\t\t\t\t<\/div>\n\t\t\t\t<\/div>\n\t\t\t\t<\/div>\n\t\t","protected":false},"excerpt":{"rendered":"","protected":false},"author":1,"featured_media":0,"parent":0,"menu_order":0,"comment_status":"closed","ping_status":"closed","template":"","meta":{"footnotes":""},"class_list":["post-29","page","type-page","status-publish","hentry"],"_hostinger_reach_plugin_has_subscription_block":false,"_hostinger_reach_plugin_is_elementor":false,"_links":{"self":[{"href":"https:\/\/fbbadminton.com\/index.php?rest_route=\/wp\/v2\/pages\/29","targetHints":{"allow":["GET"]}}],"collection":[{"href":"https:\/\/fbbadminton.com\/index.php?rest_route=\/wp\/v2\/pages"}],"about":[{"href":"https:\/\/fbbadminton.com\/index.php?rest_route=\/wp\/v2\/types\/page"}],"author":[{"embeddable":true,"href":"https:\/\/fbbadminton.com\/index.php?rest_route=\/wp\/v2\/users\/1"}],"replies":[{"embeddable":true,"href":"https:\/\/fbbadminton.com\/index.php?rest_route=%2Fwp%2Fv2%2Fcomments&post=29"}],"version-history":[{"count":0,"href":"https:\/\/fbbadminton.com\/index.php?rest_route=\/wp\/v2\/pages\/29\/revisions"}],"wp:attachment":[{"href":"https:\/\/fbbadminton.com\/index.php?rest_route=%2Fwp%2Fv2%2Fmedia&parent=29"}],"curies":[{"name":"wp","href":"https:\/\/api.w.org\/{rel}","templated":true}]}}